{"id":12,"date":"2025-08-19T16:53:32","date_gmt":"2025-08-19T19:53:32","guid":{"rendered":"http:\/\/sermahin.com.portalesdenegocios.com\/?page_id=12"},"modified":"2025-09-24T08:43:23","modified_gmt":"2025-09-24T11:43:23","slug":"empresa","status":"publish","type":"page","link":"https:\/\/www.sermahin.com\/index.php\/empresa\/","title":{"rendered":"Empresa"},"content":{"rendered":"\n[et_pb_section fb_built=\u00bb1&#8243; _builder_version=\u00bb4.24.2&#8243; _module_preset=\u00bbdefault\u00bb background_image=\u00bbhttps:\/\/www.sermahin.com\/wp-content\/uploads\/2025\/08\/inner.jpg\u00bb custom_padding=\u00bb136px||137px|||\u00bb global_colors_info=\u00bb{}\u00bb][et_pb_row _builder_version=\u00bb4.24.2&#8243; _module_preset=\u00bbdefault\u00bb global_colors_info=\u00bb{}\u00bb][et_pb_column type=\u00bb4_4&#8243; _builder_version=\u00bb4.24.2&#8243; _module_preset=\u00bbdefault\u00bb global_colors_info=\u00bb{}\u00bb][et_pb_text _builder_version=\u00bb4.24.2&#8243; _module_preset=\u00bbdefault\u00bb header_font=\u00bbPoppins|700|||||||\u00bb header_text_color=\u00bb#FFFFFF\u00bb header_font_size=\u00bb36px\u00bb header_line_height=\u00bb1.3em\u00bb custom_margin=\u00bb||4px|||\u00bb header_text_shadow_style=\u00bbpreset3&#8243; header_text_shadow_color=\u00bbrgba(0,0,0,0.91)\u00bb global_colors_info=\u00bb{}\u00bb]<h1 style=\"text-align: center;\">Nuestra Empresa<\/h1>[\/et_pb_text][et_pb_text _builder_version=\u00bb4.24.2&#8243; _module_preset=\u00bbdefault\u00bb text_font=\u00bbNunito Sans||||||||\u00bb text_text_color=\u00bb#FFFFFF\u00bb text_font_size=\u00bb16px\u00bb link_text_color=\u00bb#FFFFFF\u00bb global_colors_info=\u00bb{}\u00bb]<p style=\"text-align: center;\"><a href=\"https:\/\/www.sermahin.com\/index.php\/\"><strong>INICIO<\/strong><\/a> \/ Empresa<\/p>[\/et_pb_text][\/et_pb_column][\/et_pb_row][\/et_pb_section][et_pb_section fb_built=\u00bb1&#8243; _builder_version=\u00bb4.24.2&#8243; _module_preset=\u00bbdefault\u00bb global_colors_info=\u00bb{}\u00bb][et_pb_row column_structure=\u00bb1_2,1_2&#8243; _builder_version=\u00bb4.24.2&#8243; _module_preset=\u00bbdefault\u00bb global_colors_info=\u00bb{}\u00bb][et_pb_column type=\u00bb1_2&#8243; _builder_version=\u00bb4.24.2&#8243; _module_preset=\u00bbdefault\u00bb global_colors_info=\u00bb{}\u00bb][et_pb_image src=\u00bbhttps:\/\/www.sermahin.com\/wp-content\/uploads\/2025\/08\/Sermahim.png\u00bb title_text=\u00bbSermahim\u00bb _builder_version=\u00bb4.24.2&#8243; _module_preset=\u00bbdefault\u00bb global_colors_info=\u00bb{}\u00bb][\/et_pb_image][\/et_pb_column][et_pb_column type=\u00bb1_2&#8243; _builder_version=\u00bb4.24.2&#8243; _module_preset=\u00bbdefault\u00bb global_colors_info=\u00bb{}\u00bb][et_pb_text _builder_version=\u00bb4.24.2&#8243; _module_preset=\u00bbdefault\u00bb header_2_font=\u00bbPoppins|700|||||||\u00bb header_2_text_color=\u00bb#83b9fc\u00bb header_2_font_size=\u00bb32px\u00bb header_2_line_height=\u00bb1.4em\u00bb custom_margin=\u00bb||-5px|||\u00bb global_colors_info=\u00bb{}\u00bb]<h2>SERMAHIN LTDA.<\/h2>[\/et_pb_text][et_pb_text _builder_version=\u00bb4.24.2&#8243; _module_preset=\u00bbdefault\u00bb header_3_font=\u00bbPoppins|300|||||||\u00bb header_3_line_height=\u00bb1.3em\u00bb global_colors_info=\u00bb{}\u00bb]<h3>Mangueras hidr\u00e1ulicas<\/h3>[\/et_pb_text][et_pb_text _builder_version=\u00bb4.24.2&#8243; _module_preset=\u00bbdefault\u00bb text_font=\u00bbNunito Sans|300|||||||\u00bb text_text_color=\u00bb#000000&#8243; text_font_size=\u00bb16px\u00bb custom_margin=\u00bb||20px|||\u00bb global_colors_info=\u00bb{}\u00bb]<p><span><strong>Empresa con 30 a\u00f1os<\/strong> en el rubro de las mangueras hidr\u00e1ulicas, la atenci\u00f3n al cliente, precisi\u00f3n y perfeccionamiento son nuestros principales valores.\u00a0 Nos caracterizamos por la seriedad y responsabilidad que dedicamos en cada trabajo que realizamos, el constante crecimiento profesional de nuestro equipo de trabajo nos mantiene vigentes y posicionados en el rubro.<\/span><\/p>[\/et_pb_text][et_pb_divider color=\u00bb#83b9fc\u00bb divider_weight=\u00bb2px\u00bb _builder_version=\u00bb4.24.2&#8243; _module_preset=\u00bbdefault\u00bb custom_margin=\u00bb||9px|||\u00bb global_colors_info=\u00bb{}\u00bb][\/et_pb_divider][et_pb_text _builder_version=\u00bb4.24.2&#8243; _module_preset=\u00bbdefault\u00bb text_font=\u00bbNunito Sans|300|||||||\u00bb text_text_color=\u00bb#000000&#8243; text_font_size=\u00bb16px\u00bb global_colors_info=\u00bb{}\u00bb]<p><span>Sermahin Limitada est\u00e1 presente en todas las \u00e1reas de la industria y sus diferentes sectores; forestal, agr\u00edcola, transporte, termoel\u00e9ctrica y celulosa entre otras. Por ello contamos con una amplia gama de productos oleohidr\u00e1ulicos,\u00a0 todos los cuales poseen los m\u00e1s altos est\u00e1ndares de calidad disponibles en el mercado, ya que contamos con los mejores y m\u00e1s variados proveedores, en nuestros\u00a0dos locales comerciales ubicados en zonas estrat\u00e9gicas de la Regi\u00f3n del B\u00edoB\u00edo, en ellos puede encontrar la soluci\u00f3n a sus requerimientos. Contamos adem\u00e1s con servicios en terreno, en Sermahin Limitada nos trasladamos hasta donde usted nos necesite, ofrecemos mantenci\u00f3n y montaje de sistemas hidr\u00e1ulicos con la mayor precisi\u00f3n, eficacia y seguridad.<\/span><\/p>[\/et_pb_text][\/et_pb_column][\/et_pb_row][et_pb_row column_structure=\u00bb1_2,1_2&#8243; _builder_version=\u00bb4.24.2&#8243; _module_preset=\u00bbdefault\u00bb global_colors_info=\u00bb{}\u00bb][et_pb_column type=\u00bb1_2&#8243; _builder_version=\u00bb4.24.2&#8243; _module_preset=\u00bbdefault\u00bb global_colors_info=\u00bb{}\u00bb][et_pb_blurb title=\u00bbCasa Matriz\u00bb use_icon=\u00bbon\u00bb font_icon=\u00bb&#xf015;||fa||900&#8243; icon_color=\u00bb#83b9fc\u00bb icon_placement=\u00bbleft\u00bb _builder_version=\u00bb4.24.2&#8243; _module_preset=\u00bbdefault\u00bb header_font=\u00bbPoppins||||||||\u00bb body_font=\u00bbNunito Sans|300|||||||\u00bb body_text_color=\u00bb#000000&#8243; body_font_size=\u00bb16px\u00bb body_line_height=\u00bb1.8em\u00bb body_link_text_color=\u00bb#000000&#8243; custom_margin=\u00bb32px|||||\u00bb custom_padding=\u00bb||6px||false|false\u00bb border_width_bottom=\u00bb1px\u00bb border_color_bottom=\u00bb#83b9fc\u00bb global_colors_info=\u00bb{}\u00bb]<p><span>Almagro N\u00ba 936, Los \u00c1ngeles, Regi\u00f3n del B\u00edoB\u00edo<br \/>Tel\u00e9fono:\u00a0Emergencia en terreno (Los \u00c1ngeles): <br \/><a href=\"tel:+56977996942\" target=\"_blank\" rel=\"noopener\">+569 7799 6942<\/a><br \/><\/span><\/p>[\/et_pb_blurb][et_pb_blurb title=\u00bbSucursales\u00bb use_icon=\u00bbon\u00bb font_icon=\u00bb&#xf015;||fa||900&#8243; icon_color=\u00bb#83b9fc\u00bb icon_placement=\u00bbleft\u00bb _builder_version=\u00bb4.24.2&#8243; _module_preset=\u00bbdefault\u00bb header_font=\u00bbPoppins||||||||\u00bb body_font=\u00bbNunito Sans|300|||||||\u00bb body_text_color=\u00bb#000000&#8243; body_font_size=\u00bb16px\u00bb body_line_height=\u00bb1.8em\u00bb body_link_text_color=\u00bb#000000&#8243; custom_margin=\u00bb16px|||||\u00bb custom_padding=\u00bb||6px||false|false\u00bb border_width_bottom=\u00bb1px\u00bb border_color_bottom=\u00bb#83b9fc\u00bb global_colors_info=\u00bb{}\u00bb]<p>Avda. Las Industrias 2251, Los \u00c1ngeles<br \/>Tel\u00e9fono: <a href=\"tel:+56934183081\" target=\"_blank\" rel=\"noopener\">+569 3418 3081<\/a><\/p>[\/et_pb_blurb][\/et_pb_column][et_pb_column type=\u00bb1_2&#8243; _builder_version=\u00bb4.24.2&#8243; _module_preset=\u00bbdefault\u00bb global_colors_info=\u00bb{}\u00bb][et_pb_video src=\u00bbhttps:\/\/www.sermahin.com\/wp-content\/uploads\/2025\/08\/Sermahin-Mangueras-Hidraulicas-y-Ferreteria-Industrial-PortalesdeNegocios-480p-h264-final.mp4&#8243; image_src=\u00bbhttps:\/\/www.sermahin.com\/wp-content\/uploads\/2025\/08\/pantalazo.jpg\u00bb _builder_version=\u00bb4.24.2&#8243; _module_preset=\u00bbdefault\u00bb global_colors_info=\u00bb{}\u00bb][\/et_pb_video][\/et_pb_column][\/et_pb_row][et_pb_row _builder_version=\u00bb4.24.2&#8243; _module_preset=\u00bbdefault\u00bb hover_enabled=\u00bb0&#8243; global_colors_info=\u00bb{}\u00bb sticky_enabled=\u00bb0&#8243;][et_pb_column type=\u00bb4_4&#8243; _builder_version=\u00bb4.24.2&#8243; _module_preset=\u00bbdefault\u00bb global_colors_info=\u00bb{}\u00bb][et_pb_gallery gallery_ids=\u00bb294,296,123,125&#8243; show_title_and_caption=\u00bboff\u00bb _builder_version=\u00bb4.27.4&#8243; _module_preset=\u00bbdefault\u00bb hover_enabled=\u00bb0&#8243; global_colors_info=\u00bb{}\u00bb sticky_enabled=\u00bb0&#8243;][\/et_pb_gallery][\/et_pb_column][\/et_pb_row][\/et_pb_section]\n","protected":false},"excerpt":{"rendered":"<p>Nuestra EmpresaINICIO \/ EmpresaSERMAHIN LTDA.Mangueras hidr\u00e1ulicasEmpresa con 30 a\u00f1os en el rubro de las mangueras hidr\u00e1ulicas, la atenci\u00f3n al cliente, precisi\u00f3n y perfeccionamiento son nuestros principales valores.\u00a0 Nos caracterizamos por la seriedad y responsabilidad que dedicamos en cada trabajo que realizamos, el constante crecimiento profesional de nuestro equipo de trabajo nos mantiene vigentes y posicionados [&hellip;]<\/p>\n","protected":false},"author":1,"featured_media":0,"parent":0,"menu_order":0,"comment_status":"closed","ping_status":"closed","template":"","meta":{"_et_pb_use_builder":"on","_et_pb_old_content":"<!-- wp:divi\/placeholder \/-->","_et_gb_content_width":"","footnotes":""},"class_list":["post-12","page","type-page","status-publish","hentry"],"yoast_head":"<!-- This site is optimized with the Yoast SEO plugin v27.4 - https:\/\/yoast.com\/product\/yoast-seo-wordpress\/ -->\n<title>Productos oleohidr\u00e1ulicos - Sermahin<\/title>\n<meta name=\"description\" content=\"Sermahin, contamos con una amplia gama de productos oleohidr\u00e1ulicos, ofrecemos mantenci\u00f3n y montaje de sistemas hidr\u00e1ulicos con la mayor precisi\u00f3n\" \/>\n<meta name=\"robots\" content=\"index, follow, max-snippet:-1, max-image-preview:large, max-video-preview:-1\" \/>\n<link rel=\"canonical\" href=\"https:\/\/www.sermahin.com\/index.php\/empresa\/\" \/>\n<meta property=\"og:locale\" content=\"es_ES\" \/>\n<meta property=\"og:type\" content=\"article\" \/>\n<meta property=\"og:title\" content=\"Productos oleohidr\u00e1ulicos - Sermahin\" \/>\n<meta property=\"og:description\" content=\"Sermahin, contamos con una amplia gama de productos oleohidr\u00e1ulicos, ofrecemos mantenci\u00f3n y montaje de sistemas hidr\u00e1ulicos con la mayor precisi\u00f3n\" \/>\n<meta property=\"og:url\" content=\"https:\/\/www.sermahin.com\/index.php\/empresa\/\" \/>\n<meta property=\"og:site_name\" content=\"sermahincom\" \/>\n<meta property=\"article:modified_time\" content=\"2025-09-24T11:43:23+00:00\" \/>\n<meta name=\"twitter:card\" content=\"summary_large_image\" \/>\n<meta name=\"twitter:label1\" content=\"Tiempo de lectura\" \/>\n\t<meta name=\"twitter:data1\" content=\"2 minutos\" \/>\n<script type=\"application\/ld+json\" class=\"yoast-schema-graph\">{\"@context\":\"https:\\\/\\\/schema.org\",\"@graph\":[{\"@type\":\"WebPage\",\"@id\":\"https:\\\/\\\/www.sermahin.com\\\/index.php\\\/empresa\\\/\",\"url\":\"https:\\\/\\\/www.sermahin.com\\\/index.php\\\/empresa\\\/\",\"name\":\"Productos oleohidr\u00e1ulicos - Sermahin\",\"isPartOf\":{\"@id\":\"https:\\\/\\\/www.sermahin.com\\\/#website\"},\"datePublished\":\"2025-08-19T19:53:32+00:00\",\"dateModified\":\"2025-09-24T11:43:23+00:00\",\"description\":\"Sermahin, contamos con una amplia gama de productos oleohidr\u00e1ulicos, ofrecemos mantenci\u00f3n y montaje de sistemas hidr\u00e1ulicos con la mayor precisi\u00f3n\",\"breadcrumb\":{\"@id\":\"https:\\\/\\\/www.sermahin.com\\\/index.php\\\/empresa\\\/#breadcrumb\"},\"inLanguage\":\"es\",\"potentialAction\":[{\"@type\":\"ReadAction\",\"target\":[\"https:\\\/\\\/www.sermahin.com\\\/index.php\\\/empresa\\\/\"]}]},{\"@type\":\"BreadcrumbList\",\"@id\":\"https:\\\/\\\/www.sermahin.com\\\/index.php\\\/empresa\\\/#breadcrumb\",\"itemListElement\":[{\"@type\":\"ListItem\",\"position\":1,\"name\":\"Portada\",\"item\":\"https:\\\/\\\/www.sermahin.com\\\/\"},{\"@type\":\"ListItem\",\"position\":2,\"name\":\"Empresa\"}]},{\"@type\":\"WebSite\",\"@id\":\"https:\\\/\\\/www.sermahin.com\\\/#website\",\"url\":\"https:\\\/\\\/www.sermahin.com\\\/\",\"name\":\"sermahincom\",\"description\":\"\",\"potentialAction\":[{\"@type\":\"SearchAction\",\"target\":{\"@type\":\"EntryPoint\",\"urlTemplate\":\"https:\\\/\\\/www.sermahin.com\\\/?s={search_term_string}\"},\"query-input\":{\"@type\":\"PropertyValueSpecification\",\"valueRequired\":true,\"valueName\":\"search_term_string\"}}],\"inLanguage\":\"es\"}]}<\/script>\n<!-- \/ Yoast SEO plugin. -->","yoast_head_json":{"title":"Productos oleohidr\u00e1ulicos - Sermahin","description":"Sermahin, contamos con una amplia gama de productos oleohidr\u00e1ulicos, ofrecemos mantenci\u00f3n y montaje de sistemas hidr\u00e1ulicos con la mayor precisi\u00f3n","robots":{"index":"index","follow":"follow","max-snippet":"max-snippet:-1","max-image-preview":"max-image-preview:large","max-video-preview":"max-video-preview:-1"},"canonical":"https:\/\/www.sermahin.com\/index.php\/empresa\/","og_locale":"es_ES","og_type":"article","og_title":"Productos oleohidr\u00e1ulicos - Sermahin","og_description":"Sermahin, contamos con una amplia gama de productos oleohidr\u00e1ulicos, ofrecemos mantenci\u00f3n y montaje de sistemas hidr\u00e1ulicos con la mayor precisi\u00f3n","og_url":"https:\/\/www.sermahin.com\/index.php\/empresa\/","og_site_name":"sermahincom","article_modified_time":"2025-09-24T11:43:23+00:00","twitter_card":"summary_large_image","twitter_misc":{"Tiempo de lectura":"2 minutos"},"schema":{"@context":"https:\/\/schema.org","@graph":[{"@type":"WebPage","@id":"https:\/\/www.sermahin.com\/index.php\/empresa\/","url":"https:\/\/www.sermahin.com\/index.php\/empresa\/","name":"Productos oleohidr\u00e1ulicos - Sermahin","isPartOf":{"@id":"https:\/\/www.sermahin.com\/#website"},"datePublished":"2025-08-19T19:53:32+00:00","dateModified":"2025-09-24T11:43:23+00:00","description":"Sermahin, contamos con una amplia gama de productos oleohidr\u00e1ulicos, ofrecemos mantenci\u00f3n y montaje de sistemas hidr\u00e1ulicos con la mayor precisi\u00f3n","breadcrumb":{"@id":"https:\/\/www.sermahin.com\/index.php\/empresa\/#breadcrumb"},"inLanguage":"es","potentialAction":[{"@type":"ReadAction","target":["https:\/\/www.sermahin.com\/index.php\/empresa\/"]}]},{"@type":"BreadcrumbList","@id":"https:\/\/www.sermahin.com\/index.php\/empresa\/#breadcrumb","itemListElement":[{"@type":"ListItem","position":1,"name":"Portada","item":"https:\/\/www.sermahin.com\/"},{"@type":"ListItem","position":2,"name":"Empresa"}]},{"@type":"WebSite","@id":"https:\/\/www.sermahin.com\/#website","url":"https:\/\/www.sermahin.com\/","name":"sermahincom","description":"","potentialAction":[{"@type":"SearchAction","target":{"@type":"EntryPoint","urlTemplate":"https:\/\/www.sermahin.com\/?s={search_term_string}"},"query-input":{"@type":"PropertyValueSpecification","valueRequired":true,"valueName":"search_term_string"}}],"inLanguage":"es"}]}},"_links":{"self":[{"href":"https:\/\/www.sermahin.com\/index.php\/wp-json\/wp\/v2\/pages\/12","targetHints":{"allow":["GET"]}}],"collection":[{"href":"https:\/\/www.sermahin.com\/index.php\/wp-json\/wp\/v2\/pages"}],"about":[{"href":"https:\/\/www.sermahin.com\/index.php\/wp-json\/wp\/v2\/types\/page"}],"author":[{"embeddable":true,"href":"https:\/\/www.sermahin.com\/index.php\/wp-json\/wp\/v2\/users\/1"}],"replies":[{"embeddable":true,"href":"https:\/\/www.sermahin.com\/index.php\/wp-json\/wp\/v2\/comments?post=12"}],"version-history":[{"count":11,"href":"https:\/\/www.sermahin.com\/index.php\/wp-json\/wp\/v2\/pages\/12\/revisions"}],"predecessor-version":[{"id":357,"href":"https:\/\/www.sermahin.com\/index.php\/wp-json\/wp\/v2\/pages\/12\/revisions\/357"}],"wp:attachment":[{"href":"https:\/\/www.sermahin.com\/index.php\/wp-json\/wp\/v2\/media?parent=12"}],"curies":[{"name":"wp","href":"https:\/\/api.w.org\/{rel}","templated":true}]}}