{"id":24,"date":"2025-08-19T16:56:16","date_gmt":"2025-08-19T19:56:16","guid":{"rendered":"http:\/\/sermahin.com.portalesdenegocios.com\/?page_id=24"},"modified":"2025-09-24T08:46:43","modified_gmt":"2025-09-24T11:46:43","slug":"contacto","status":"publish","type":"page","link":"https:\/\/www.sermahin.com\/index.php\/contacto\/","title":{"rendered":"Contacto"},"content":{"rendered":"\n[et_pb_section fb_built=\u00bb1&#8243; _builder_version=\u00bb4.24.2&#8243; _module_preset=\u00bbdefault\u00bb background_image=\u00bbhttps:\/\/www.sermahin.com\/wp-content\/uploads\/2025\/08\/contacto.jpg\u00bb custom_padding=\u00bb136px||137px|||\u00bb global_colors_info=\u00bb{}\u00bb][et_pb_row _builder_version=\u00bb4.24.2&#8243; _module_preset=\u00bbdefault\u00bb global_colors_info=\u00bb{}\u00bb][et_pb_column type=\u00bb4_4&#8243; _builder_version=\u00bb4.24.2&#8243; _module_preset=\u00bbdefault\u00bb global_colors_info=\u00bb{}\u00bb][et_pb_text _builder_version=\u00bb4.24.2&#8243; _module_preset=\u00bbdefault\u00bb header_font=\u00bbPoppins|700|||||||\u00bb header_text_color=\u00bb#FFFFFF\u00bb header_font_size=\u00bb36px\u00bb header_line_height=\u00bb1.3em\u00bb custom_margin=\u00bb||4px|||\u00bb header_text_shadow_style=\u00bbpreset3&#8243; header_text_shadow_color=\u00bbrgba(0,0,0,0.91)\u00bb global_colors_info=\u00bb{}\u00bb]<h1 style=\"text-align: center;\">Contacto<\/h1>[\/et_pb_text][et_pb_text _builder_version=\u00bb4.24.2&#8243; _module_preset=\u00bbdefault\u00bb text_font=\u00bbNunito Sans||||||||\u00bb text_text_color=\u00bb#FFFFFF\u00bb text_font_size=\u00bb16px\u00bb link_text_color=\u00bb#FFFFFF\u00bb global_colors_info=\u00bb{}\u00bb]<p style=\"text-align: center;\"><a href=\"https:\/\/www.sermahin.com\/\"><strong>INICIO<\/strong><\/a> \/ Cont\u00e1ctanos<\/p>[\/et_pb_text][\/et_pb_column][\/et_pb_row][\/et_pb_section][et_pb_section fb_built=\u00bb1&#8243; _builder_version=\u00bb4.24.2&#8243; _module_preset=\u00bbdefault\u00bb custom_padding=\u00bb|7px||||\u00bb global_colors_info=\u00bb{}\u00bb][et_pb_row column_structure=\u00bb1_2,1_2&#8243; _builder_version=\u00bb4.24.2&#8243; _module_preset=\u00bbdefault\u00bb global_colors_info=\u00bb{}\u00bb][et_pb_column type=\u00bb1_2&#8243; _builder_version=\u00bb4.24.2&#8243; _module_preset=\u00bbdefault\u00bb global_colors_info=\u00bb{}\u00bb][et_pb_text _builder_version=\u00bb4.24.2&#8243; _module_preset=\u00bbdefault\u00bb header_2_font=\u00bbPoppins|700|||||||\u00bb header_2_text_color=\u00bb#83b9fc\u00bb header_2_font_size=\u00bb32px\u00bb header_2_line_height=\u00bb1.4em\u00bb custom_margin=\u00bb||-5px|||\u00bb global_colors_info=\u00bb{}\u00bb]<h2>SERMAHIN LTDA.<\/h2>[\/et_pb_text][et_pb_text _builder_version=\u00bb4.24.2&#8243; _module_preset=\u00bbdefault\u00bb text_font=\u00bbNunito Sans||||||||\u00bb text_text_color=\u00bb#000000&#8243; text_font_size=\u00bb16px\u00bb text_line_height=\u00bb1.8em\u00bb global_colors_info=\u00bb{}\u00bb]<p>Hola si tiene alguna duda o consulta cont\u00e1ctenos y le responderemos a la brevedad.<\/p>[\/et_pb_text][et_pb_blurb title=\u00bbCasa Matriz\u00bb use_icon=\u00bbon\u00bb font_icon=\u00bb&#xf015;||fa||900&#8243; icon_color=\u00bb#83b9fc\u00bb icon_placement=\u00bbleft\u00bb _builder_version=\u00bb4.24.2&#8243; _module_preset=\u00bbdefault\u00bb header_font=\u00bbPoppins||||||||\u00bb body_font=\u00bbNunito Sans|300|||||||\u00bb body_text_color=\u00bb#000000&#8243; body_font_size=\u00bb16px\u00bb body_line_height=\u00bb1.8em\u00bb body_link_text_color=\u00bb#000000&#8243; custom_margin=\u00bb50px|||||\u00bb custom_padding=\u00bb||6px||false|false\u00bb border_width_bottom=\u00bb1px\u00bb border_color_bottom=\u00bb#83b9fc\u00bb global_colors_info=\u00bb{}\u00bb]<p><span>Almagro N\u00ba 936, Los \u00c1ngeles, Regi\u00f3n del B\u00edoB\u00edo<br \/>Tel\u00e9fono:\u00a0Emergencia en terreno (Los \u00c1ngeles):<br \/><a href=\"tel:+56977996942\" target=\"_blank\" rel=\"noopener\">+569 7799 6942<\/a><br \/><\/span><\/p>[\/et_pb_blurb][et_pb_blurb title=\u00bbSucursales\u00bb use_icon=\u00bbon\u00bb font_icon=\u00bb&#xf015;||fa||900&#8243; icon_color=\u00bb#83b9fc\u00bb icon_placement=\u00bbleft\u00bb _builder_version=\u00bb4.24.2&#8243; _module_preset=\u00bbdefault\u00bb header_font=\u00bbPoppins||||||||\u00bb body_font=\u00bbNunito Sans|300|||||||\u00bb body_text_color=\u00bb#000000&#8243; body_font_size=\u00bb16px\u00bb body_line_height=\u00bb1.8em\u00bb body_link_text_color=\u00bb#000000&#8243; custom_margin=\u00bb16px|||||\u00bb custom_padding=\u00bb||6px||false|false\u00bb border_width_bottom=\u00bb1px\u00bb border_color_bottom=\u00bb#83b9fc\u00bb global_colors_info=\u00bb{}\u00bb]<p>Avda. Las Industrias 2251, Los \u00c1ngeles.<br \/>Tel\u00e9fono: <a href=\"tel:+56934183081\" target=\"_blank\" rel=\"noopener\">+569 3418 3081<\/a><\/p>[\/et_pb_blurb][\/et_pb_column][et_pb_column type=\u00bb1_2&#8243; module_id=\u00bbpresupuesto\u00bb _builder_version=\u00bb4.24.2&#8243; _module_preset=\u00bbdefault\u00bb background_color=\u00bb#eaeaea\u00bb custom_padding=\u00bb28px|16px|28px|16px|true|true\u00bb global_colors_info=\u00bb{}\u00bb][et_pb_contact_form email=\u00bbgmedina@sermahin.cl\u00bb _builder_version=\u00bb4.24.2&#8243; _module_preset=\u00bbdefault\u00bb _unique_id=\u00bb1cdd2d05-9722-47df-9419-6b7fcd398bc3&#8243; form_field_background_color=\u00bb#FFFFFF\u00bb form_field_text_color=\u00bb#000000&#8243; form_field_font=\u00bbNunito Sans||||||||\u00bb custom_button=\u00bbon\u00bb button_text_color=\u00bb#FFFFFF\u00bb button_bg_color=\u00bb#83b9fc\u00bb button_border_width=\u00bb0px\u00bb button_border_radius=\u00bb4px\u00bb button_font=\u00bbPoppins||on||||||\u00bb global_colors_info=\u00bb{}\u00bb][et_pb_contact_field field_id=\u00bbNombre\u00bb field_title=\u00bbNombre\u00bb fullwidth_field=\u00bbon\u00bb _builder_version=\u00bb4.24.2&#8243; global_colors_info=\u00bb{}\u00bb button_text_size__hover_enabled=\u00bboff\u00bb button_one_text_size__hover_enabled=\u00bboff\u00bb button_two_text_size__hover_enabled=\u00bboff\u00bb button_text_color__hover_enabled=\u00bboff\u00bb button_one_text_color__hover_enabled=\u00bboff\u00bb button_two_text_color__hover_enabled=\u00bboff\u00bb button_border_width__hover_enabled=\u00bboff\u00bb button_one_border_width__hover_enabled=\u00bboff\u00bb button_two_border_width__hover_enabled=\u00bboff\u00bb button_border_color__hover_enabled=\u00bboff\u00bb button_one_border_color__hover_enabled=\u00bboff\u00bb button_two_border_color__hover_enabled=\u00bboff\u00bb button_border_radius__hover_enabled=\u00bboff\u00bb button_one_border_radius__hover_enabled=\u00bboff\u00bb button_two_border_radius__hover_enabled=\u00bboff\u00bb button_letter_spacing__hover_enabled=\u00bboff\u00bb button_one_letter_spacing__hover_enabled=\u00bboff\u00bb button_two_letter_spacing__hover_enabled=\u00bboff\u00bb button_bg_color__hover_enabled=\u00bboff\u00bb button_one_bg_color__hover_enabled=\u00bboff\u00bb button_two_bg_color__hover_enabled=\u00bboff\u00bb][\/et_pb_contact_field][et_pb_contact_field field_id=\u00bbEmpresa\u00bb field_title=\u00bbEmpresa\u00bb _builder_version=\u00bb4.24.2&#8243; _module_preset=\u00bbdefault\u00bb global_colors_info=\u00bb{}\u00bb][\/et_pb_contact_field][et_pb_contact_field field_id=\u00bbTelefono\u00bb field_title=\u00bbTel\u00e9fono\u00bb _builder_version=\u00bb4.24.2&#8243; _module_preset=\u00bbdefault\u00bb global_colors_info=\u00bb{}\u00bb][\/et_pb_contact_field][et_pb_contact_field field_id=\u00bbCorreo\u00bb field_title=\u00bbCorreo\u00bb field_type=\u00bbemail\u00bb fullwidth_field=\u00bbon\u00bb _builder_version=\u00bb4.24.2&#8243; global_colors_info=\u00bb{}\u00bb button_text_size__hover_enabled=\u00bboff\u00bb button_one_text_size__hover_enabled=\u00bboff\u00bb button_two_text_size__hover_enabled=\u00bboff\u00bb button_text_color__hover_enabled=\u00bboff\u00bb button_one_text_color__hover_enabled=\u00bboff\u00bb button_two_text_color__hover_enabled=\u00bboff\u00bb button_border_width__hover_enabled=\u00bboff\u00bb button_one_border_width__hover_enabled=\u00bboff\u00bb button_two_border_width__hover_enabled=\u00bboff\u00bb button_border_color__hover_enabled=\u00bboff\u00bb button_one_border_color__hover_enabled=\u00bboff\u00bb button_two_border_color__hover_enabled=\u00bboff\u00bb button_border_radius__hover_enabled=\u00bboff\u00bb button_one_border_radius__hover_enabled=\u00bboff\u00bb button_two_border_radius__hover_enabled=\u00bboff\u00bb button_letter_spacing__hover_enabled=\u00bboff\u00bb button_one_letter_spacing__hover_enabled=\u00bboff\u00bb button_two_letter_spacing__hover_enabled=\u00bboff\u00bb button_bg_color__hover_enabled=\u00bboff\u00bb button_one_bg_color__hover_enabled=\u00bboff\u00bb button_two_bg_color__hover_enabled=\u00bboff\u00bb][\/et_pb_contact_field][et_pb_contact_field field_id=\u00bbMensaje\u00bb field_title=\u00bbMensaje\u00bb field_type=\u00bbtext\u00bb fullwidth_field=\u00bbon\u00bb _builder_version=\u00bb4.24.2&#8243; global_colors_info=\u00bb{}\u00bb button_text_size__hover_enabled=\u00bboff\u00bb button_one_text_size__hover_enabled=\u00bboff\u00bb button_two_text_size__hover_enabled=\u00bboff\u00bb button_text_color__hover_enabled=\u00bboff\u00bb button_one_text_color__hover_enabled=\u00bboff\u00bb button_two_text_color__hover_enabled=\u00bboff\u00bb button_border_width__hover_enabled=\u00bboff\u00bb button_one_border_width__hover_enabled=\u00bboff\u00bb button_two_border_width__hover_enabled=\u00bboff\u00bb button_border_color__hover_enabled=\u00bboff\u00bb button_one_border_color__hover_enabled=\u00bboff\u00bb button_two_border_color__hover_enabled=\u00bboff\u00bb button_border_radius__hover_enabled=\u00bboff\u00bb button_one_border_radius__hover_enabled=\u00bboff\u00bb button_two_border_radius__hover_enabled=\u00bboff\u00bb button_letter_spacing__hover_enabled=\u00bboff\u00bb button_one_letter_spacing__hover_enabled=\u00bboff\u00bb button_two_letter_spacing__hover_enabled=\u00bboff\u00bb button_bg_color__hover_enabled=\u00bboff\u00bb button_one_bg_color__hover_enabled=\u00bboff\u00bb button_two_bg_color__hover_enabled=\u00bboff\u00bb][\/et_pb_contact_field][\/et_pb_contact_form][\/et_pb_column][\/et_pb_row][et_pb_row column_structure=\u00bb1_2,1_2&#8243; _builder_version=\u00bb4.24.2&#8243; _module_preset=\u00bbdefault\u00bb global_colors_info=\u00bb{}\u00bb][et_pb_column type=\u00bb1_2&#8243; _builder_version=\u00bb4.24.2&#8243; _module_preset=\u00bbdefault\u00bb global_colors_info=\u00bb{}\u00bb][et_pb_code _builder_version=\u00bb4.24.2&#8243; _module_preset=\u00bbdefault\u00bb global_colors_info=\u00bb{}\u00bb]<iframe src=\"https:\/\/www.google.com\/maps\/embed?pb=!1m18!1m12!1m3!1d3166.931790550582!2d-72.35225342432256!3d-37.46233017206577!2m3!1f0!2f0!3f0!3m2!1i1024!2i768!4f13.1!3m3!1m2!1s0x966bdd41453b5b4d%3A0x2413853d0759e89d!2sAlmagro%20936%2C%204450555%20Los%20Angeles%2C%20Los%20%C3%81ngeles%2C%20B%C3%ADo%20B%C3%ADo!5e0!3m2!1ses-419!2scl!4v1755789489938!5m2!1ses-419!2scl\" width=\"100%\" height=\"450\" style=\"border:0;\" allowfullscreen=\"\" loading=\"lazy\" referrerpolicy=\"no-referrer-when-downgrade\"><\/iframe>[\/et_pb_code][\/et_pb_column][et_pb_column type=\u00bb1_2&#8243; _builder_version=\u00bb4.24.2&#8243; _module_preset=\u00bbdefault\u00bb global_colors_info=\u00bb{}\u00bb][et_pb_code _builder_version=\u00bb4.24.2&#8243; _module_preset=\u00bbdefault\u00bb global_colors_info=\u00bb{}\u00bb]<iframe src=\"https:\/\/www.google.com\/maps\/embed?pb=!1m18!1m12!1m3!1d3169.265455607957!2d-72.34915342432524!3d-37.40720007208021!2m3!1f0!2f0!3f0!3m2!1i1024!2i768!4f13.1!3m3!1m2!1s0x966bddef0d9924af%3A0x14c96d77290606ef!2sAv.%20Las%20Industrias%202251%2C%20Los%20Angeles%2C%20Los%20%C3%81ngeles%2C%20B%C3%ADo%20B%C3%ADo!5e0!3m2!1ses-419!2scl!4v1755791933429!5m2!1ses-419!2scl\" width=\"100%\" height=\"450\" style=\"border:0;\" allowfullscreen=\"\" loading=\"lazy\" referrerpolicy=\"no-referrer-when-downgrade\"><\/iframe>[\/et_pb_code][\/et_pb_column][\/et_pb_row][\/et_pb_section]\n","protected":false},"excerpt":{"rendered":"<p>ContactoINICIO \/ Cont\u00e1ctanosSERMAHIN LTDA.Hola si tiene alguna duda o consulta cont\u00e1ctenos y le responderemos a la brevedad.Almagro N\u00ba 936, Los \u00c1ngeles, Regi\u00f3n del B\u00edoB\u00edoTel\u00e9fono:\u00a0Emergencia en terreno (Los \u00c1ngeles):+569 7799 6942Avda. Las Industrias 2251, Los \u00c1ngeles.Tel\u00e9fono: +569 3418 3081<\/p>\n","protected":false},"author":1,"featured_media":0,"parent":0,"menu_order":0,"comment_status":"closed","ping_status":"closed","template":"","meta":{"_et_pb_use_builder":"on","_et_pb_old_content":"<!-- wp:divi\/placeholder \/-->","_et_gb_content_width":"","footnotes":""},"class_list":["post-24","page","type-page","status-publish","hentry"],"yoast_head":"<!-- This site is optimized with the Yoast SEO plugin v27.4 - https:\/\/yoast.com\/product\/yoast-seo-wordpress\/ -->\n<title>Emergencias hidr\u00e1ulicas en terreno - Sermahin<\/title>\n<meta name=\"description\" content=\"Sermahin, emergencias hidr\u00e1ulicas en terreno, Almagro N\u00ba 936, Avda. Las Industrias 2251, Los \u00c1ngeles, Regi\u00f3n del B\u00edoB\u00edo, ll\u00e1menos +569 7799 6942\" \/>\n<meta name=\"robots\" content=\"index, follow, max-snippet:-1, max-image-preview:large, max-video-preview:-1\" \/>\n<link rel=\"canonical\" href=\"https:\/\/www.sermahin.com\/index.php\/contacto\/\" \/>\n<meta property=\"og:locale\" content=\"es_ES\" \/>\n<meta property=\"og:type\" content=\"article\" \/>\n<meta property=\"og:title\" content=\"Emergencias hidr\u00e1ulicas en terreno - Sermahin\" \/>\n<meta property=\"og:description\" content=\"Sermahin, emergencias hidr\u00e1ulicas en terreno, Almagro N\u00ba 936, Avda. Las Industrias 2251, Los \u00c1ngeles, Regi\u00f3n del B\u00edoB\u00edo, ll\u00e1menos +569 7799 6942\" \/>\n<meta property=\"og:url\" content=\"https:\/\/www.sermahin.com\/index.php\/contacto\/\" \/>\n<meta property=\"og:site_name\" content=\"sermahincom\" \/>\n<meta property=\"article:modified_time\" content=\"2025-09-24T11:46:43+00:00\" \/>\n<meta name=\"twitter:card\" content=\"summary_large_image\" \/>\n<meta name=\"twitter:label1\" content=\"Tiempo de lectura\" \/>\n\t<meta name=\"twitter:data1\" content=\"1 minuto\" \/>\n<script type=\"application\/ld+json\" class=\"yoast-schema-graph\">{\"@context\":\"https:\\\/\\\/schema.org\",\"@graph\":[{\"@type\":\"WebPage\",\"@id\":\"https:\\\/\\\/www.sermahin.com\\\/index.php\\\/contacto\\\/\",\"url\":\"https:\\\/\\\/www.sermahin.com\\\/index.php\\\/contacto\\\/\",\"name\":\"Emergencias hidr\u00e1ulicas en terreno - Sermahin\",\"isPartOf\":{\"@id\":\"https:\\\/\\\/www.sermahin.com\\\/#website\"},\"datePublished\":\"2025-08-19T19:56:16+00:00\",\"dateModified\":\"2025-09-24T11:46:43+00:00\",\"description\":\"Sermahin, emergencias hidr\u00e1ulicas en terreno, Almagro N\u00ba 936, Avda. Las Industrias 2251, Los \u00c1ngeles, Regi\u00f3n del B\u00edoB\u00edo, ll\u00e1menos +569 7799 6942\",\"breadcrumb\":{\"@id\":\"https:\\\/\\\/www.sermahin.com\\\/index.php\\\/contacto\\\/#breadcrumb\"},\"inLanguage\":\"es\",\"potentialAction\":[{\"@type\":\"ReadAction\",\"target\":[\"https:\\\/\\\/www.sermahin.com\\\/index.php\\\/contacto\\\/\"]}]},{\"@type\":\"BreadcrumbList\",\"@id\":\"https:\\\/\\\/www.sermahin.com\\\/index.php\\\/contacto\\\/#breadcrumb\",\"itemListElement\":[{\"@type\":\"ListItem\",\"position\":1,\"name\":\"Portada\",\"item\":\"https:\\\/\\\/www.sermahin.com\\\/\"},{\"@type\":\"ListItem\",\"position\":2,\"name\":\"Contacto\"}]},{\"@type\":\"WebSite\",\"@id\":\"https:\\\/\\\/www.sermahin.com\\\/#website\",\"url\":\"https:\\\/\\\/www.sermahin.com\\\/\",\"name\":\"sermahincom\",\"description\":\"\",\"potentialAction\":[{\"@type\":\"SearchAction\",\"target\":{\"@type\":\"EntryPoint\",\"urlTemplate\":\"https:\\\/\\\/www.sermahin.com\\\/?s={search_term_string}\"},\"query-input\":{\"@type\":\"PropertyValueSpecification\",\"valueRequired\":true,\"valueName\":\"search_term_string\"}}],\"inLanguage\":\"es\"}]}<\/script>\n<!-- \/ Yoast SEO plugin. -->","yoast_head_json":{"title":"Emergencias hidr\u00e1ulicas en terreno - Sermahin","description":"Sermahin, emergencias hidr\u00e1ulicas en terreno, Almagro N\u00ba 936, Avda. Las Industrias 2251, Los \u00c1ngeles, Regi\u00f3n del B\u00edoB\u00edo, ll\u00e1menos +569 7799 6942","robots":{"index":"index","follow":"follow","max-snippet":"max-snippet:-1","max-image-preview":"max-image-preview:large","max-video-preview":"max-video-preview:-1"},"canonical":"https:\/\/www.sermahin.com\/index.php\/contacto\/","og_locale":"es_ES","og_type":"article","og_title":"Emergencias hidr\u00e1ulicas en terreno - Sermahin","og_description":"Sermahin, emergencias hidr\u00e1ulicas en terreno, Almagro N\u00ba 936, Avda. Las Industrias 2251, Los \u00c1ngeles, Regi\u00f3n del B\u00edoB\u00edo, ll\u00e1menos +569 7799 6942","og_url":"https:\/\/www.sermahin.com\/index.php\/contacto\/","og_site_name":"sermahincom","article_modified_time":"2025-09-24T11:46:43+00:00","twitter_card":"summary_large_image","twitter_misc":{"Tiempo de lectura":"1 minuto"},"schema":{"@context":"https:\/\/schema.org","@graph":[{"@type":"WebPage","@id":"https:\/\/www.sermahin.com\/index.php\/contacto\/","url":"https:\/\/www.sermahin.com\/index.php\/contacto\/","name":"Emergencias hidr\u00e1ulicas en terreno - Sermahin","isPartOf":{"@id":"https:\/\/www.sermahin.com\/#website"},"datePublished":"2025-08-19T19:56:16+00:00","dateModified":"2025-09-24T11:46:43+00:00","description":"Sermahin, emergencias hidr\u00e1ulicas en terreno, Almagro N\u00ba 936, Avda. Las Industrias 2251, Los \u00c1ngeles, Regi\u00f3n del B\u00edoB\u00edo, ll\u00e1menos +569 7799 6942","breadcrumb":{"@id":"https:\/\/www.sermahin.com\/index.php\/contacto\/#breadcrumb"},"inLanguage":"es","potentialAction":[{"@type":"ReadAction","target":["https:\/\/www.sermahin.com\/index.php\/contacto\/"]}]},{"@type":"BreadcrumbList","@id":"https:\/\/www.sermahin.com\/index.php\/contacto\/#breadcrumb","itemListElement":[{"@type":"ListItem","position":1,"name":"Portada","item":"https:\/\/www.sermahin.com\/"},{"@type":"ListItem","position":2,"name":"Contacto"}]},{"@type":"WebSite","@id":"https:\/\/www.sermahin.com\/#website","url":"https:\/\/www.sermahin.com\/","name":"sermahincom","description":"","potentialAction":[{"@type":"SearchAction","target":{"@type":"EntryPoint","urlTemplate":"https:\/\/www.sermahin.com\/?s={search_term_string}"},"query-input":{"@type":"PropertyValueSpecification","valueRequired":true,"valueName":"search_term_string"}}],"inLanguage":"es"}]}},"_links":{"self":[{"href":"https:\/\/www.sermahin.com\/index.php\/wp-json\/wp\/v2\/pages\/24","targetHints":{"allow":["GET"]}}],"collection":[{"href":"https:\/\/www.sermahin.com\/index.php\/wp-json\/wp\/v2\/pages"}],"about":[{"href":"https:\/\/www.sermahin.com\/index.php\/wp-json\/wp\/v2\/types\/page"}],"author":[{"embeddable":true,"href":"https:\/\/www.sermahin.com\/index.php\/wp-json\/wp\/v2\/users\/1"}],"replies":[{"embeddable":true,"href":"https:\/\/www.sermahin.com\/index.php\/wp-json\/wp\/v2\/comments?post=24"}],"version-history":[{"count":15,"href":"https:\/\/www.sermahin.com\/index.php\/wp-json\/wp\/v2\/pages\/24\/revisions"}],"predecessor-version":[{"id":362,"href":"https:\/\/www.sermahin.com\/index.php\/wp-json\/wp\/v2\/pages\/24\/revisions\/362"}],"wp:attachment":[{"href":"https:\/\/www.sermahin.com\/index.php\/wp-json\/wp\/v2\/media?parent=24"}],"curies":[{"name":"wp","href":"https:\/\/api.w.org\/{rel}","templated":true}]}}